{"id":10,"date":"2017-01-12T19:22:19","date_gmt":"2017-01-12T18:22:19","guid":{"rendered":"https:\/\/meurer-architektur.com\/?page_id=10"},"modified":"2017-01-12T19:22:19","modified_gmt":"2017-01-12T18:22:19","slug":"philosophie","status":"publish","type":"page","link":"https:\/\/meurer-architektur.com\/?page_id=10","title":{"rendered":"Philosophie"},"content":{"rendered":"<p>Die Aufgabenstellung des Bauherrn ist die Grundlage f\u00fcr die Konzeptfindung unserer Arbeiten.\u00a0 Das\u00a0 Herleiten aus\u00a0 der Besonderheit\u00a0 des Ortes, seiner Geschichte, seiner Topographie und\u00a0 der\u00a0 umgebenden Bebauung und\u00a0\u00a0 Himmelsrichtung, aber auch die energetisch-\u00f6kologischen und bis in kleinste abgestimmte Produktionsprozesse von Industrie u. Gewerbe sind die elementaren Parameter unserer Entwurfsarbeit.<\/p>\n<p>Ziel ist es, durch klare, einfache\u00a0 und\u00a0 pr\u00e4gnante\u00a0 Orte \/ R\u00e4ume\u00a0 zu schaffen, an denen Menschen gerne verweilen, motiviert arbeiten oder sich entspannen k\u00f6nnen. Orte, die sich Ihnen selbstverst\u00e4ndlich erschlie\u00dfen und durchg\u00e4ngig bis hin zu Material u. Farbe geplant sind. Die so entstehenden Geb\u00e4ude sind deshalb Unikate. Auf den Nutzer und die Nutzung zugeschnitten und mit der Landschaft \/ dem Stadtraum verwoben.<\/p>\n<p>Sorgf\u00e4ltige Planung in Abstimmung mit\u00a0 den Fachingenieuren, genaue Ermittlung der Kosten\u00a0 und die\u00a0 Einhaltung des\u00a0 Kostenrahmens\u00a0 in\u00a0 der Baudurchf\u00fchrung, sowie die Erstellung u. \u00dcberwachung von Terminpl\u00e4nen sind Grundvoraussetzungen unserer Arbeit.<\/p>\n<p>Gr\u00fcndlichkeit \/ Zuverl\u00e4ssigkeit \/ Transparenz sind f\u00fcr uns selbstverst\u00e4ndlich.<\/p>\n<p>Wir verstehen uns voll und ganz als Dienstleister.<\/p>\n","protected":false},"excerpt":{"rendered":"<p>Die Aufgabenstellung des Bauherrn ist die Grundlage f\u00fcr die Konzeptfindung unserer Arbeiten.\u00a0 Das\u00a0 Herleiten aus\u00a0 der Besonderheit\u00a0 des Ortes, seiner Geschichte, seiner Topographie und\u00a0 der\u00a0 umgebenden Bebauung und\u00a0\u00a0 Himmelsrichtung, aber auch die energetisch-\u00f6kologischen und bis in kleinste abgestimmte Produktionsprozesse von Industrie u. Gewerbe sind die elementaren Parameter unserer Entwurfsarbeit. Ziel ist es, durch klare, einfache\u00a0 und\u00a0 pr\u00e4gnante\u00a0 Orte \/ R\u00e4ume\u00a0 zu schaffen, an denen Menschen gerne verweilen, motiviert arbeiten oder sich entspannen k\u00f6nnen. Orte, die sich Ihnen selbstverst\u00e4ndlich erschlie\u00dfen und durchg\u00e4ngig bis hin zu Material u. Farbe geplant sind. Die so entstehenden Geb\u00e4ude sind deshalb Unikate. Auf den Nutzer und die Nutzung zugeschnitten und mit der Landschaft \/ dem Stadtraum verwoben. Sorgf\u00e4ltige Planung in Abstimmung mit\u00a0 den Fachingenieuren, genaue Ermittlung der Kosten\u00a0 und die\u00a0 Einhaltung des\u00a0 Kostenrahmens\u00a0 in\u00a0 der Baudurchf\u00fchrung, sowie die Erstellung u. \u00dcberwachung von Terminpl\u00e4nen sind Grundvoraussetzungen unserer Arbeit. Gr\u00fcndlichkeit \/ Zuverl\u00e4ssigkeit \/ Transparenz sind f\u00fcr uns selbstverst\u00e4ndlich. Wir verstehen uns voll und ganz als Dienstleister.<\/p>\n","protected":false},"author":1,"featured_media":0,"parent":0,"menu_order":0,"comment_status":"closed","ping_status":"closed","template":"","meta":{"footnotes":""},"_links":{"self":[{"href":"https:\/\/meurer-architektur.com\/index.php?rest_route=\/wp\/v2\/pages\/10"}],"collection":[{"href":"https:\/\/meurer-architektur.com\/index.php?rest_route=\/wp\/v2\/pages"}],"about":[{"href":"https:\/\/meurer-architektur.com\/index.php?rest_route=\/wp\/v2\/types\/page"}],"author":[{"embeddable":true,"href":"https:\/\/meurer-architektur.com\/index.php?rest_route=\/wp\/v2\/users\/1"}],"replies":[{"embeddable":true,"href":"https:\/\/meurer-architektur.com\/index.php?rest_route=%2Fwp%2Fv2%2Fcomments&post=10"}],"version-history":[{"count":1,"href":"https:\/\/meurer-architektur.com\/index.php?rest_route=\/wp\/v2\/pages\/10\/revisions"}],"predecessor-version":[{"id":11,"href":"https:\/\/meurer-architektur.com\/index.php?rest_route=\/wp\/v2\/pages\/10\/revisions\/11"}],"wp:attachment":[{"href":"https:\/\/meurer-architektur.com\/index.php?rest_route=%2Fwp%2Fv2%2Fmedia&parent=10"}],"curies":[{"name":"wp","href":"https:\/\/api.w.org\/{rel}","templated":true}]}}