{"id":23,"date":"2017-01-12T20:30:37","date_gmt":"2017-01-12T19:30:37","guid":{"rendered":"https:\/\/meurer-architektur.com\/?page_id=23"},"modified":"2026-01-28T07:06:37","modified_gmt":"2026-01-28T06:06:37","slug":"das-team","status":"publish","type":"page","link":"https:\/\/meurer-architektur.com\/?page_id=23","title":{"rendered":"Team"},"content":{"rendered":"<p><a href=\"https:\/\/meurer-architektur.com\/wp-content\/uploads\/2025\/06\/Mitarbeiter-2020-mit-NILS.jpg\"><img loading=\"lazy\" decoding=\"async\" class=\"alignnone wp-image-1410\" src=\"https:\/\/meurer-architektur.com\/wp-content\/uploads\/2025\/06\/Mitarbeiter-2020-mit-NILS.jpg\" alt=\"\" width=\"475\" height=\"317\" srcset=\"https:\/\/meurer-architektur.com\/wp-content\/uploads\/2025\/06\/Mitarbeiter-2020-mit-NILS.jpg 2048w, https:\/\/meurer-architektur.com\/wp-content\/uploads\/2025\/06\/Mitarbeiter-2020-mit-NILS-300x200.jpg 300w, https:\/\/meurer-architektur.com\/wp-content\/uploads\/2025\/06\/Mitarbeiter-2020-mit-NILS-1024x683.jpg 1024w, https:\/\/meurer-architektur.com\/wp-content\/uploads\/2025\/06\/Mitarbeiter-2020-mit-NILS-768x512.jpg 768w, https:\/\/meurer-architektur.com\/wp-content\/uploads\/2025\/06\/Mitarbeiter-2020-mit-NILS-1536x1025.jpg 1536w\" sizes=\"(max-width: 475px) 100vw, 475px\" \/><\/a><\/p>\n<table class=\"jobs_tabelle\" style=\"width: 100%;\">\n<tbody>\n<tr>\n<td style=\"width: 23.5714%;\"><strong>Dieter Meurer<\/strong><img loading=\"lazy\" decoding=\"async\" class=\"size-full wp-image-29 alignnone\" src=\"https:\/\/meurer-architektur.com\/wp-content\/uploads\/2017\/01\/dieter.jpg\" alt=\"\" width=\"200\" height=\"182\" \/><\/td>\n<td style=\"width: 75.4762%;\"><strong>AUSBILDUNG<\/strong><br \/>\nDiplom Ingenieur FH Architektur, Diplom 1993<strong>MITARBEIT<\/strong><\/p>\n<ul>\n<li>1 Jahr im B\u00fcro der Hochschuldozenten Prof. Guhl\/Gaul, KA\/Ettlingen<br \/>\nBearbeitungsschwerpunkt: Entwurf u. Industriebau<\/li>\n<li>2 Jahre im B\u00fcro HPP- Hendrich-Petschnigg u. Partner, Hamburg<br \/>\nBearbeitungsschwerpunkt: Wettbewerbe, Entwurfsplanung<\/li>\n<li>1 Jahr im B\u00fcro HPP- Hendrich-Petschnigg u. Partner, Berlin<br \/>\nBearbeitungsschwerpunkt: Werkplanung<\/li>\n<li>2 Jahre im B\u00fcro Architektencontor Sch\u00e4fer-Agater, Hamburg<br \/>\nBearbeitungsschwerpunkt: Wettbewerbe, Entwurfsplanung<\/li>\n<li>13 Jahre Architekturb\u00fcro Stope+Weiler, Lahr<br \/>\nganzheitliche Bearbeitung von Projekten \u00fcber alle Leistungsphasen, Projektleiter<\/li>\n<\/ul>\n<p>Gr\u00fcndung meurer architektur im M\u00e4rz 2011<\/td>\n<\/tr>\n<tr style=\"height: 23px;\">\n<td class=\"ohnerahmen\" style=\"width: 23.5714%; height: 23px;\"><\/td>\n<td class=\"ohnerahmen\" style=\"width: 75.4762%; height: 23px;\"><\/td>\n<\/tr>\n<tr>\n<td style=\"width: 23.5714%;\"><strong>Andrea K\u00f6ppel<\/strong><img loading=\"lazy\" decoding=\"async\" class=\"alignnone wp-image-794 size-full\" src=\"https:\/\/meurer-architektur.com\/wp-content\/uploads\/2019\/12\/website-e1575273031608.jpg\" alt=\"\" width=\"200\" height=\"194\" \/><\/td>\n<td style=\"width: 75.4762%;\"><strong>AUSBILDUNG<\/strong><br \/>\nBauzeichnerin, Abschlu\u00df 1981<strong>MITARBEIT<\/strong><\/p>\n<ul>\n<li>14 Jahre B\u00fcro Schlager &amp; Partner<\/li>\n<li>15 Jahre selbstst\u00e4ndige Bauzeichnerin<\/li>\n<\/ul>\n<p>seit September 2011 meurer architektur<\/td>\n<\/tr>\n<tr style=\"height: 23px;\">\n<td class=\"ohnerahmen\" style=\"width: 23.5714%; height: 23px;\"><\/td>\n<td class=\"ohnerahmen\" style=\"width: 75.4762%; height: 23px;\"><\/td>\n<\/tr>\n<tr>\n<td style=\"width: 23.5714%;\"><strong>Thorsten R\u00f6ssler<\/strong><img loading=\"lazy\" decoding=\"async\" class=\"alignnone size-full wp-image-31\" src=\"https:\/\/meurer-architektur.com\/wp-content\/uploads\/2017\/01\/thorsten.jpg\" alt=\"\" width=\"200\" height=\"184\" \/><\/td>\n<td style=\"width: 75.4762%;\"><strong>AUSBILDUNG<\/strong><br \/>\nDiplom Ingenieur FH Innenarchitektur, Diplom 1993Zertifizierung zum Bauleiter 2022<\/p>\n<p><strong>MITARBEIT<\/strong><\/p>\n<ul>\n<li>23 Jahre B\u00fcro Kaiser, Friesenheim<\/li>\n<\/ul>\n<p>seit August 2016 meurer architektur<\/td>\n<\/tr>\n<tr style=\"height: 23px;\">\n<td class=\"ohnerahmen\" style=\"width: 23.5714%; height: 23px;\"><\/td>\n<td class=\"ohnerahmen\" style=\"width: 75.4762%; height: 23px;\"><\/td>\n<\/tr>\n<tr>\n<td style=\"width: 23.5714%;\"><strong>Bernd Vielfort<\/strong><img loading=\"lazy\" decoding=\"async\" class=\"alignnone size-full wp-image-33\" src=\"https:\/\/meurer-architektur.com\/wp-content\/uploads\/2017\/01\/bernd.jpg\" alt=\"\" width=\"200\" height=\"182\" \/><\/td>\n<td style=\"width: 75.4762%;\"><strong>AUSBILDUNG<\/strong><br \/>\nDiplom Ingenieur FH Architektur, Diplom 1999<strong>MITARBEIT<\/strong><\/p>\n<ul>\n<li>2 Jahre im B\u00fcro Ringwald, Biberach<\/li>\n<li>14 Jahre im B\u00fcro Henninger, Ettenheim<\/li>\n<\/ul>\n<p>seit September 2016 meurer architektur<\/td>\n<\/tr>\n<tr style=\"height: 23px;\">\n<td class=\"ohnerahmen\" style=\"width: 23.5714%; height: 23px;\"><\/td>\n<td class=\"ohnerahmen\" style=\"width: 75.4762%; height: 23px;\"><\/td>\n<\/tr>\n<tr>\n<td style=\"width: 23.5714%;\"><strong>Stefanie Sch\u00e4fer<\/strong><img loading=\"lazy\" decoding=\"async\" class=\"alignnone size-full wp-image-33\" src=\"https:\/\/meurer-architektur.com\/wp-content\/uploads\/2018\/05\/IMG_0662-zugeschnitten-1.jpg\" alt=\"\" width=\"200\" height=\"182\" \/><\/td>\n<td style=\"width: 75.4762%;\"><strong>AUSBILDUNG<\/strong><br \/>\nArchitektin, Master of Arts 2017<strong>MITARBEIT<\/strong><br \/>\nseit November 2017 meurer architektur<\/td>\n<\/tr>\n<tr style=\"height: 23px;\">\n<td class=\"ohnerahmen\" style=\"width: 23.5714%; height: 23px;\"><\/td>\n<td class=\"ohnerahmen\" style=\"width: 75.4762%; height: 23px;\"><\/td>\n<\/tr>\n<tr>\n<td style=\"width: 23.5714%;\"><strong>Martina Schaub<\/strong><img loading=\"lazy\" decoding=\"async\" class=\"alignnone wp-image-929 size-full\" src=\"https:\/\/meurer-architektur.com\/wp-content\/uploads\/2020\/10\/IMG_4690_Auswahl-Martina_viereckig_n\u00e4her.jpg\" alt=\"\" width=\"200\" height=\"174\" srcset=\"https:\/\/meurer-architektur.com\/wp-content\/uploads\/2020\/10\/IMG_4690_Auswahl-Martina_viereckig_n\u00e4her.jpg 3720w, https:\/\/meurer-architektur.com\/wp-content\/uploads\/2020\/10\/IMG_4690_Auswahl-Martina_viereckig_n\u00e4her-300x261.jpg 300w, https:\/\/meurer-architektur.com\/wp-content\/uploads\/2020\/10\/IMG_4690_Auswahl-Martina_viereckig_n\u00e4her-768x668.jpg 768w, https:\/\/meurer-architektur.com\/wp-content\/uploads\/2020\/10\/IMG_4690_Auswahl-Martina_viereckig_n\u00e4her-1024x891.jpg 1024w\" sizes=\"(max-width: 200px) 100vw, 200px\" \/><\/td>\n<td style=\"width: 75.4762%;\"><strong>AUSBILDUNG<\/strong><br \/>\nDiplom Ingenieurin FH Architektur, Diplom 1998<strong>MITARBEIT<\/strong><\/p>\n<ul>\n<li>2 Jahre im B\u00fcro Rutschinski, Offenburg<\/li>\n<li>2 Jahre bei trendstyle Hausbau GmbH, Achern<\/li>\n<li>1 Jahr Fischer Architekten, Kehl<\/li>\n<li>17 Jahre M.Geiger Baub\u00fcro-Baumanagement, Lahr<\/li>\n<\/ul>\n<p>seit Mai 2020 meurer architektur<\/td>\n<\/tr>\n<tr style=\"height: 23px;\">\n<td class=\"ohnerahmen\" style=\"width: 23.5714%; height: 23px;\"><\/td>\n<td class=\"ohnerahmen\" style=\"width: 75.4762%; height: 23px;\"><\/td>\n<\/tr>\n<tr>\n<td style=\"width: 23.5714%;\"><strong>Nils Meurer<\/strong><img loading=\"lazy\" decoding=\"async\" class=\"alignnone wp-image-1414\" src=\"https:\/\/meurer-architektur.com\/wp-content\/uploads\/2025\/06\/nils-2025_200x184.jpg\" alt=\"\" width=\"200\" height=\"184\" \/><\/td>\n<td style=\"width: 75.4762%;\"><strong>AUSBILDUNG<\/strong><br \/>\nArchitekt, Master of Arts 2023<strong>MITARBEIT<\/strong><\/p>\n<p>seit September 2023 AiP im Architekturb\u00fcro Hruycyk, M\u00fcnchen<\/p>\n<p>August 2026 Einstieg als Junior-Architekt bei meurer architektur<\/td>\n<\/tr>\n<tr style=\"height: 23px;\">\n<td class=\"ohnerahmen\" style=\"width: 23.5714%; height: 23px;\"><\/td>\n<td class=\"ohnerahmen\" style=\"width: 75.4762%; height: 23px;\"><\/td>\n<\/tr>\n<tr>\n<td style=\"width: 23.5714%;\"><strong>Melanie Meurer<\/strong><img loading=\"lazy\" decoding=\"async\" class=\"alignnone size-full wp-image-30\" src=\"https:\/\/meurer-architektur.com\/wp-content\/uploads\/2017\/01\/melanie.jpg\" alt=\"\" width=\"200\" height=\"182\" \/><\/td>\n<td style=\"width: 75.4762%;\"><strong>AUSBILDUNG<\/strong><br \/>\nMTA, Examen 1986<strong>MITARBEIT<\/strong><\/p>\n<ul>\n<li>6 Jahre Immunh\u00e4matologisches Referenzlabor, Ulm<\/li>\n<li>5 Jahre Routinelabor als System-Administrator, Hamburg<\/li>\n<li>2 Jahre Immunh\u00e4matologisches Labor, Offenburg<\/li>\n<\/ul>\n<p>seit M\u00e4rz 2011 meurer architektur &#8211; zust\u00e4ndig f\u00fcr B\u00fcro, Vernetzung<\/td>\n<\/tr>\n<\/tbody>\n<\/table>\n","protected":false},"excerpt":{"rendered":"<p>Dieter Meurer AUSBILDUNG Diplom Ingenieur FH Architektur, Diplom 1993MITARBEIT 1 Jahr im B\u00fcro der Hochschuldozenten Prof. Guhl\/Gaul, KA\/Ettlingen Bearbeitungsschwerpunkt: Entwurf u. Industriebau 2 Jahre im B\u00fcro HPP- Hendrich-Petschnigg u. Partner, Hamburg Bearbeitungsschwerpunkt: Wettbewerbe, Entwurfsplanung 1 Jahr im B\u00fcro HPP- Hendrich-Petschnigg u. Partner, Berlin Bearbeitungsschwerpunkt: Werkplanung 2 Jahre im B\u00fcro Architektencontor Sch\u00e4fer-Agater, Hamburg Bearbeitungsschwerpunkt: Wettbewerbe, Entwurfsplanung 13 Jahre Architekturb\u00fcro Stope+Weiler, Lahr ganzheitliche Bearbeitung von Projekten \u00fcber alle Leistungsphasen, Projektleiter Gr\u00fcndung meurer architektur im M\u00e4rz 2011 Andrea K\u00f6ppel AUSBILDUNG Bauzeichnerin, Abschlu\u00df 1981MITARBEIT 14 Jahre B\u00fcro Schlager &amp; Partner 15 Jahre selbstst\u00e4ndige Bauzeichnerin seit September 2011 meurer architektur Thorsten R\u00f6ssler AUSBILDUNG Diplom Ingenieur FH Innenarchitektur, Diplom 1993Zertifizierung zum Bauleiter 2022 MITARBEIT 23 Jahre B\u00fcro Kaiser, Friesenheim seit August 2016 meurer architektur Bernd Vielfort AUSBILDUNG Diplom Ingenieur FH Architektur, Diplom 1999MITARBEIT 2 Jahre im B\u00fcro Ringwald, Biberach 14 Jahre im B\u00fcro Henninger, Ettenheim seit September 2016 meurer architektur Stefanie Sch\u00e4fer AUSBILDUNG Architektin, Master of Arts 2017MITARBEIT seit November 2017 meurer architektur Martina Schaub AUSBILDUNG Diplom Ingenieurin FH Architektur, Diplom 1998MITARBEIT 2 Jahre im B\u00fcro Rutschinski, Offenburg 2 Jahre bei trendstyle Hausbau GmbH, Achern 1 Jahr Fischer Architekten, Kehl 17 Jahre M.Geiger Baub\u00fcro-Baumanagement, Lahr seit Mai 2020 meurer architektur Nils Meurer AUSBILDUNG Architekt, Master of Arts 2023MITARBEIT seit September 2023 AiP im Architekturb\u00fcro Hruycyk, M\u00fcnchen August 2026 Einstieg als Junior-Architekt bei meurer architektur Melanie Meurer AUSBILDUNG MTA, Examen 1986MITARBEIT 6 Jahre Immunh\u00e4matologisches Referenzlabor, Ulm 5 Jahre Routinelabor als System-Administrator, Hamburg 2 Jahre Immunh\u00e4matologisches Labor, Offenburg seit M\u00e4rz 2011 meurer architektur &#8211; zust\u00e4ndig f\u00fcr B\u00fcro, Vernetzung<\/p>\n","protected":false},"author":1,"featured_media":0,"parent":0,"menu_order":0,"comment_status":"closed","ping_status":"closed","template":"","meta":{"footnotes":""},"_links":{"self":[{"href":"https:\/\/meurer-architektur.com\/index.php?rest_route=\/wp\/v2\/pages\/23"}],"collection":[{"href":"https:\/\/meurer-architektur.com\/index.php?rest_route=\/wp\/v2\/pages"}],"about":[{"href":"https:\/\/meurer-architektur.com\/index.php?rest_route=\/wp\/v2\/types\/page"}],"author":[{"embeddable":true,"href":"https:\/\/meurer-architektur.com\/index.php?rest_route=\/wp\/v2\/users\/1"}],"replies":[{"embeddable":true,"href":"https:\/\/meurer-architektur.com\/index.php?rest_route=%2Fwp%2Fv2%2Fcomments&post=23"}],"version-history":[{"count":76,"href":"https:\/\/meurer-architektur.com\/index.php?rest_route=\/wp\/v2\/pages\/23\/revisions"}],"predecessor-version":[{"id":1449,"href":"https:\/\/meurer-architektur.com\/index.php?rest_route=\/wp\/v2\/pages\/23\/revisions\/1449"}],"wp:attachment":[{"href":"https:\/\/meurer-architektur.com\/index.php?rest_route=%2Fwp%2Fv2%2Fmedia&parent=23"}],"curies":[{"name":"wp","href":"https:\/\/api.w.org\/{rel}","templated":true}]}}