{"id":737,"date":"2018-06-03T14:43:25","date_gmt":"2018-06-03T12:43:25","guid":{"rendered":"https:\/\/meurer-architektur.com\/?page_id=737"},"modified":"2025-07-11T09:35:36","modified_gmt":"2025-07-11T07:35:36","slug":"jobs-2","status":"publish","type":"page","link":"https:\/\/meurer-architektur.com\/?page_id=737","title":{"rendered":"Jobs"},"content":{"rendered":"<p><a href=\"https:\/\/meurer-architektur.com\/wp-content\/uploads\/2023\/06\/Bauzeichner-techniker.jpg\"><img loading=\"lazy\" decoding=\"async\" class=\"alignnone wp-image-1381 size-full\" src=\"https:\/\/meurer-architektur.com\/wp-content\/uploads\/2023\/06\/Bauzeichner-techniker.jpg\" alt=\"\" width=\"445\" height=\"157\" srcset=\"https:\/\/meurer-architektur.com\/wp-content\/uploads\/2023\/06\/Bauzeichner-techniker.jpg 445w, https:\/\/meurer-architektur.com\/wp-content\/uploads\/2023\/06\/Bauzeichner-techniker-300x106.jpg 300w\" sizes=\"(max-width: 445px) 100vw, 445px\" \/><\/a><\/p>\n<table class=\"jobs_tabelle\">\n<tbody>\n<tr>\n<td class=\"jobs_linke_spalte\"><strong>WIR<\/strong><\/td>\n<td class=\"jobs_rechte_spalte\">\n<ul>\n<li>sind ein kleines erfolgreiches regionales Architekturb\u00fcro. Bereich Neubau, Sanierung, Gewerbe, Bauen f\u00fcr Behinderte&#8230;<\/li>\n<li>arbeiten an Projekten in n\u00e4herer Umgebung bis nach Karlsruhe und dar\u00fcber hinaus.<\/li>\n<li>bieten Ihnen einen sicheren, interessanten und flexiblen Arbeitsplatz in einem 8-k\u00f6pfigen Team<\/li>\n<li>arbeiten in flachen Hierarchien, sch\u00e4tzen neue Ideen und geben die M\u00f6glichkeit zum eigenverantwortlichen Arbeiten<\/li>\n<li>f\u00f6rdern Ihre berufliche Weiterbildung durch regelm\u00e4\u00dfige Schulungen und Austausch in einem erfahrenen Team<\/li>\n<li>suchen eine\/n BauzeichnerIn und\/oder BautechnikerIn mit Erfahrung<\/li>\n<\/ul>\n<\/td>\n<\/tr>\n<tr>\n<td class=\"jobs_linke_spalte\"><strong>PROFIL<\/strong><\/td>\n<td class=\"jobs_rechte_spalte\">\n<ul>\n<li>Bauzeichner oder Bautechniker mit mind. 5 Jahren Erfahrung<\/li>\n<li>strukturierte Arbeitsweise, selbstst\u00e4ndiges und teamorientiertes Arbeiten<\/li>\n<li>sicherer Umgang mit dem MS-Office-Paket, sehr gute CAD-Kenntnisse (Revit)<\/li>\n<li>konzeptionelles Denken<\/li>\n<li><span style=\"font-family: inherit; font-size: inherit;\">hohe Motivation und Zuverl\u00e4ssigkeit\u00a0<\/span><\/li>\n<\/ul>\n<\/td>\n<\/tr>\n<tr>\n<td class=\"jobs_linke_spalte\"><strong>WIR<\/strong><br \/>\n<strong> BIETEN<\/strong><\/td>\n<td class=\"jobs_rechte_spalte\">\n<ul>\n<li>\u00fcbertarifliche Bezahlung mit einer Festanstellung in Vollzeit<\/li>\n<li>perspektivenreiche Position mit F\u00f6rderung Ihrer pers\u00f6nlichen St\u00e4rken<\/li>\n<li>gro\u00dfe Eigenverantwortung und Mitwirkung an architektonisch anspruchsvollen Projekten<\/li>\n<li>erg\u00e4nzendes, kooperatives Miteinander in einem tollen, engagiertem Team<\/li>\n<li>kurze Entscheidungswege in einem pers\u00f6nlichen, partnerschaftlichen Umfeld<\/li>\n<li>Zusatzleistungen wie Jobrad, Deutschlandticket, Direktversicherung&#8230;<\/li>\n<li>regelm\u00e4\u00dfige Weiterbildungen<\/li>\n<li>klimatisiertes, ansprechendes B\u00fcro<\/li>\n<\/ul>\n<\/td>\n<\/tr>\n<tr>\n<td class=\"jobs_linke_spalte\"><strong>BEWERBUNG<\/strong><\/td>\n<td class=\"jobs_rechte_spalte\">\n<ul>\n<li>senden Sie Ihre aussagekr\u00e4ftige Bewerbung mit Lichtbild an:<br \/>\n<a href=\"mailto:bewerbung@meurer-architektur.com\"><em>bewerbung@meurer-architektur.com<\/em><\/a><\/li>\n<li>und\/oder rufen Sie uns an und vereinbaren unverbindlich einen Info-Termin<\/li>\n<\/ul>\n<\/td>\n<\/tr>\n<\/tbody>\n<\/table>\n","protected":false},"excerpt":{"rendered":"<p>WIR sind ein kleines erfolgreiches regionales Architekturb\u00fcro. Bereich Neubau, Sanierung, Gewerbe, Bauen f\u00fcr Behinderte&#8230; arbeiten an Projekten in n\u00e4herer Umgebung bis nach Karlsruhe und dar\u00fcber hinaus. bieten Ihnen einen sicheren, interessanten und flexiblen Arbeitsplatz in einem 8-k\u00f6pfigen Team arbeiten in flachen Hierarchien, sch\u00e4tzen neue Ideen und geben die M\u00f6glichkeit zum eigenverantwortlichen Arbeiten f\u00f6rdern Ihre berufliche Weiterbildung durch regelm\u00e4\u00dfige Schulungen und Austausch in einem erfahrenen Team suchen eine\/n BauzeichnerIn und\/oder BautechnikerIn mit Erfahrung PROFIL Bauzeichner oder Bautechniker mit mind. 5 Jahren Erfahrung strukturierte Arbeitsweise, selbstst\u00e4ndiges und teamorientiertes Arbeiten sicherer Umgang mit dem MS-Office-Paket, sehr gute CAD-Kenntnisse (Revit) konzeptionelles Denken hohe Motivation und Zuverl\u00e4ssigkeit\u00a0 WIR BIETEN \u00fcbertarifliche Bezahlung mit einer Festanstellung in Vollzeit perspektivenreiche Position mit F\u00f6rderung Ihrer pers\u00f6nlichen St\u00e4rken gro\u00dfe Eigenverantwortung und Mitwirkung an architektonisch anspruchsvollen Projekten erg\u00e4nzendes, kooperatives Miteinander in einem tollen, engagiertem Team kurze Entscheidungswege in einem pers\u00f6nlichen, partnerschaftlichen Umfeld Zusatzleistungen wie Jobrad, Deutschlandticket, Direktversicherung&#8230; regelm\u00e4\u00dfige Weiterbildungen klimatisiertes, ansprechendes B\u00fcro BEWERBUNG senden Sie Ihre aussagekr\u00e4ftige Bewerbung mit Lichtbild an: bewerbung@meurer-architektur.com und\/oder rufen Sie uns an und vereinbaren unverbindlich einen Info-Termin<\/p>\n","protected":false},"author":1,"featured_media":0,"parent":0,"menu_order":0,"comment_status":"closed","ping_status":"closed","template":"","meta":{"footnotes":""},"_links":{"self":[{"href":"https:\/\/meurer-architektur.com\/index.php?rest_route=\/wp\/v2\/pages\/737"}],"collection":[{"href":"https:\/\/meurer-architektur.com\/index.php?rest_route=\/wp\/v2\/pages"}],"about":[{"href":"https:\/\/meurer-architektur.com\/index.php?rest_route=\/wp\/v2\/types\/page"}],"author":[{"embeddable":true,"href":"https:\/\/meurer-architektur.com\/index.php?rest_route=\/wp\/v2\/users\/1"}],"replies":[{"embeddable":true,"href":"https:\/\/meurer-architektur.com\/index.php?rest_route=%2Fwp%2Fv2%2Fcomments&post=737"}],"version-history":[{"count":18,"href":"https:\/\/meurer-architektur.com\/index.php?rest_route=\/wp\/v2\/pages\/737\/revisions"}],"predecessor-version":[{"id":1433,"href":"https:\/\/meurer-architektur.com\/index.php?rest_route=\/wp\/v2\/pages\/737\/revisions\/1433"}],"wp:attachment":[{"href":"https:\/\/meurer-architektur.com\/index.php?rest_route=%2Fwp%2Fv2%2Fmedia&parent=737"}],"curies":[{"name":"wp","href":"https:\/\/api.w.org\/{rel}","templated":true}]}}